{"id":787,"date":"2024-07-20T10:28:26","date_gmt":"2024-07-20T10:28:26","guid":{"rendered":"https:\/\/gulcinozturkarikan.com\/about-us\/"},"modified":"2025-03-07T09:09:03","modified_gmt":"2025-03-07T09:09:03","slug":"about-us","status":"publish","type":"page","link":"https:\/\/gulcinozturkarikan.com\/en\/about-us\/","title":{"rendered":"About Us"},"content":{"rendered":"\t\t<div data-elementor-type=\"wp-page\" data-elementor-id=\"787\" class=\"elementor elementor-787 elementor-77\" data-elementor-post-type=\"page\">\n\t\t\t\t\t\t<section data-particle_enable=\"false\" data-particle-mobile-disabled=\"false\" class=\"elementor-section elementor-top-section elementor-element elementor-element-89d870d elementor-section-boxed elementor-section-height-default elementor-section-height-default\" data-id=\"89d870d\" data-element_type=\"section\">\n\t\t\t\t\t\t<div class=\"elementor-container elementor-column-gap-default\">\n\t\t\t\t\t<div class=\"elementor-column elementor-col-100 elementor-top-column elementor-element elementor-element-3b9d4d32\" data-id=\"3b9d4d32\" data-element_type=\"column\">\n\t\t\t<div class=\"elementor-widget-wrap elementor-element-populated\">\n\t\t\t\t\t\t<div class=\"elementor-element elementor-element-3929b0b0 elementor-widget elementor-widget-heading\" data-id=\"3929b0b0\" data-element_type=\"widget\" data-widget_type=\"heading.default\">\n\t\t\t\t<div class=\"elementor-widget-container\">\n\t\t\t\t\t<h2 class=\"elementor-heading-title elementor-size-default\">About me<\/h2>\t\t\t\t<\/div>\n\t\t\t\t<\/div>\n\t\t\t\t\t<\/div>\n\t\t<\/div>\n\t\t\t\t\t<\/div>\n\t\t<\/section>\n\t\t\t\t<section data-particle_enable=\"false\" data-particle-mobile-disabled=\"false\" class=\"elementor-section elementor-top-section elementor-element elementor-element-11207949 elementor-section-boxed elementor-section-height-default elementor-section-height-default\" data-id=\"11207949\" data-element_type=\"section\">\n\t\t\t\t\t\t<div class=\"elementor-container elementor-column-gap-default\">\n\t\t\t\t\t<div class=\"elementor-column elementor-col-100 elementor-top-column elementor-element elementor-element-0681f74\" data-id=\"0681f74\" data-element_type=\"column\">\n\t\t\t<div class=\"elementor-widget-wrap elementor-element-populated\">\n\t\t\t\t\t\t<div class=\"elementor-element elementor-element-8132164 elementor-widget elementor-widget-image\" data-id=\"8132164\" data-element_type=\"widget\" data-widget_type=\"image.default\">\n\t\t\t\t<div class=\"elementor-widget-container\">\n\t\t\t\t\t\t\t\t\t\t\t\t\t\t\t<img fetchpriority=\"high\" decoding=\"async\" width=\"300\" height=\"300\" src=\"https:\/\/gulcinozturkarikan.com\/wp-content\/uploads\/2025\/03\/dr-gulcin-ozturk-arikan-1-300x300.png\" class=\"attachment-medium size-medium wp-image-489\" alt=\"\" srcset=\"https:\/\/gulcinozturkarikan.com\/wp-content\/uploads\/2025\/03\/dr-gulcin-ozturk-arikan-1-300x300.png 300w, https:\/\/gulcinozturkarikan.com\/wp-content\/uploads\/2025\/03\/dr-gulcin-ozturk-arikan-1-150x150.png 150w, https:\/\/gulcinozturkarikan.com\/wp-content\/uploads\/2025\/03\/dr-gulcin-ozturk-arikan-1.png 500w\" sizes=\"(max-width: 300px) 100vw, 300px\" \/>\t\t\t\t\t\t\t\t\t\t\t\t\t\t\t<\/div>\n\t\t\t\t<\/div>\n\t\t\t\t\t<\/div>\n\t\t<\/div>\n\t\t\t\t\t<\/div>\n\t\t<\/section>\n\t\t\t\t<section data-particle_enable=\"false\" data-particle-mobile-disabled=\"false\" class=\"elementor-section elementor-top-section elementor-element elementor-element-41bf4abc elementor-section-boxed elementor-section-height-default elementor-section-height-default\" data-id=\"41bf4abc\" data-element_type=\"section\">\n\t\t\t\t\t\t<div class=\"elementor-container elementor-column-gap-default\">\n\t\t\t\t\t<div class=\"elementor-column elementor-col-100 elementor-top-column elementor-element elementor-element-6571d54f\" data-id=\"6571d54f\" data-element_type=\"column\">\n\t\t\t<div class=\"elementor-widget-wrap elementor-element-populated\">\n\t\t\t\t\t\t<div class=\"elementor-element elementor-element-6a44d6dc elementor-widget elementor-widget-text-editor\" data-id=\"6a44d6dc\" data-element_type=\"widget\" data-widget_type=\"text-editor.default\">\n\t\t\t\t<div class=\"elementor-widget-container\">\n\t\t\t\t\t\t\t\t\t<p>In 2008, Dr. G\u00fcl\u00e7in \u00d6zt\u00fcrk Ar\u0131kan graduated from Istanbul University Cerrahpa\u015fa Faculty of Medicine and completed her specialty training in Anesthesiology and Intensive Care at Haydarpa\u015fa Numune Training and Research Hospital in 2014.<\/p>\n<p>Her passion for the field of medicine and longevity was shaped by her desire to make people not only look better, but also feel healthier and more energized. She has been working on anti-aging and longevity applications for many years, closely following the latest scientific developments and offering innovative and effective treatments to his patients.<\/p>\n<p>She specializes in intravenous treatments, hair health, ozone therapy and non-surgical facial rejuvenation, developing tailor-made solutions that support the healthy aging process. It aims to achieve natural and sustainable results that combine aesthetics and health in a balanced way.<\/p>\n<p>Dr. Ar\u0131kan serves his patients in his own practice and adopts the principle of providing the most up-to-date and reliable treatment methods by closely following the scientific developments in his field. At the same time, she continues his professional development by participating in many national and international congresses, conferences and seminars.<\/p>\n<p><strong>CERTIFICATES<\/strong><\/p>\n<p><strong>1)<\/strong>Ministry of Health Ozone Application Certificate<\/p>\n<p><strong>2)<\/strong>Ministry of Health Mesotherapy Application Certificate<\/p>\n<p><strong>3)<\/strong>Ministry of Health Cupping Application Certificate<\/p>\n<p><strong>4)<\/strong>Ministry of Health Workplace Medicine Certificate<\/p>\n<p><strong>congresses, symposiums and meetings<\/strong><\/p>\n<p><strong>1)<\/strong> 3. Mesotherapy Congress, Istanbul, March 17-19, 2023<\/p>\n<p><strong>2)<\/strong> Full Face Congress, Istanbul, June 2-4, 2023<\/p>\n<p><strong>3)<\/strong> 4. Mesotherapy Congress, Istanbul, March 1-3, 2024<\/p>\n<p><strong>4) <\/strong>1st Cosmetic Mesotherapy Congress, Istanbul, October 5-6, 2024<\/p>\n<p><strong>5)<\/strong> 9. European Cooperation of Medical Ozone Societies Congress (EuroCOOP), Istanbul, October 24th to 27th, 2024.<\/p>\n<p><strong>6)<\/strong> 2. Longevity Show, Istanbul, February 8-9, 2025<\/p>\n\t\t\t\t\t\t\t\t<\/div>\n\t\t\t\t<\/div>\n\t\t\t\t\t<\/div>\n\t\t<\/div>\n\t\t\t\t\t<\/div>\n\t\t<\/section>\n\t\t\t\t<\/div>\n\t\t","protected":false},"excerpt":{"rendered":"<p>About me In 2008, Dr. G\u00fcl\u00e7in \u00d6zt\u00fcrk Ar\u0131kan graduated from Istanbul University Cerrahpa\u015fa Faculty of Medicine and completed her specialty training in Anesthesiology and Intensive Care at Haydarpa\u015fa Numune Training and Research Hospital in 2014. Her passion for the field of medicine and longevity was shaped by her desire to make people not only look [&hellip;]<\/p>\n","protected":false},"author":1,"featured_media":0,"parent":0,"menu_order":0,"comment_status":"closed","ping_status":"closed","template":"","meta":{"footnotes":""},"class_list":["post-787","page","type-page","status-publish","hentry"],"_links":{"self":[{"href":"https:\/\/gulcinozturkarikan.com\/en\/wp-json\/wp\/v2\/pages\/787","targetHints":{"allow":["GET"]}}],"collection":[{"href":"https:\/\/gulcinozturkarikan.com\/en\/wp-json\/wp\/v2\/pages"}],"about":[{"href":"https:\/\/gulcinozturkarikan.com\/en\/wp-json\/wp\/v2\/types\/page"}],"author":[{"embeddable":true,"href":"https:\/\/gulcinozturkarikan.com\/en\/wp-json\/wp\/v2\/users\/1"}],"replies":[{"embeddable":true,"href":"https:\/\/gulcinozturkarikan.com\/en\/wp-json\/wp\/v2\/comments?post=787"}],"version-history":[{"count":3,"href":"https:\/\/gulcinozturkarikan.com\/en\/wp-json\/wp\/v2\/pages\/787\/revisions"}],"predecessor-version":[{"id":790,"href":"https:\/\/gulcinozturkarikan.com\/en\/wp-json\/wp\/v2\/pages\/787\/revisions\/790"}],"wp:attachment":[{"href":"https:\/\/gulcinozturkarikan.com\/en\/wp-json\/wp\/v2\/media?parent=787"}],"curies":[{"name":"wp","href":"https:\/\/api.w.org\/{rel}","templated":true}]}}